{"id":7,"date":"2015-12-02T10:48:37","date_gmt":"2015-12-02T10:48:37","guid":{"rendered":"http:\/\/theme-fusion.com\/avada\/university\/?page_id=7"},"modified":"2018-07-03T11:13:27","modified_gmt":"2018-07-03T11:13:27","slug":"home","status":"publish","type":"page","link":"https:\/\/tk-patzak.de\/","title":{"rendered":"Home"},"content":{"rendered":"<p><div class=\"fusion-fullwidth fullwidth-box fusion-builder-row-1 nonhundred-percent-fullwidth non-hundred-percent-height-scrolling\" style=\"background-color: #ffffff;background-position: left top;background-repeat: no-repeat;padding-top:40px;padding-right:0px;padding-bottom:3%;padding-left:0px;margin-bottom: 0px;margin-top: 0px;border-width: 0px 0px 0px 0px;border-color:#e7e4e2;border-style:solid;\" ><div class=\"fusion-builder-row fusion-row\"><div class=\"fusion-layout-column fusion_builder_column fusion-builder-column-0 fusion_builder_column_1_6 1_6 fusion-one-sixth fusion-column-first fusion-no-small-visibility\" style=\"width:13.3333%; margin-right: 4%;margin-top:10px;margin-bottom:10px;\"><div class=\"fusion-column-wrapper fusion-flex-column-wrapper-legacy\" style=\"background-position:left top;background-repeat:no-repeat;-webkit-background-size:cover;-moz-background-size:cover;-o-background-size:cover;background-size:cover;padding: 0px 0px 0px 0px;\"><div class=\"fusion-clearfix\"><\/div><\/div><\/div><div class=\"fusion-layout-column fusion_builder_column fusion-builder-column-1 fusion_builder_column_2_3 2_3 fusion-two-third\" style=\"width:65.3333%; margin-right: 4%;margin-top:10px;margin-bottom:10px;\"><div class=\"fusion-column-wrapper fusion-flex-column-wrapper-legacy\" style=\"background-position:left top;background-repeat:no-repeat;-webkit-background-size:cover;-moz-background-size:cover;-o-background-size:cover;background-size:cover;padding: 0px 0px 0px 0px;\"><div class=\"fusion-text fusion-text-1\"><h2 style=\"text-align: center;\">Willkommen bei der TK-Patzak GmbH<\/h2>\n<\/div><div class=\"fusion-text fusion-text-2\"><h4 style=\"text-align: center;\">Ihrem Spezialisten f\u00fcr Kupfer- und Glasfasernetze<\/h4>\n<\/div><div class=\"fusion-sep-clear\"><\/div><div class=\"fusion-separator\" style=\"margin-left: auto;margin-right: auto;margin-top:15px;margin-bottom:35px;width:100%;max-width:170px;\"><div class=\"fusion-separator-border sep-single sep-solid\" style=\"border-color:#0093dd;border-top-width:2px;\"><\/div><\/div><div class=\"fusion-sep-clear\"><\/div><div class=\"fusion-text fusion-text-3\"><p style=\"text-align: center;\">Seit 2012 unterst\u00fctzen wir Telekommunikationsunternehmen, indem wir die Montage von Kupfer- und Glasfaserkabeln \u00fcbernehmen. Dazu geh\u00f6ren der regul\u00e4re Ausbau, Wartung und Planung sowie Reparatur- und Notdienste in den Fernmeldenetzen zu unseren t\u00e4glichen Aufgaben.<\/p>\n<p style=\"text-align: center;\">Es macht dabei keinen Unterschied, ob es sich um bestehende Telekommunikationsnetzwerke, Neuanlagen oder Erweiterungen handelt. Durch den Breitbandausbau des Internets sind wir \u2013 selbstverst\u00e4ndlich im Rahmen der Vorgaben der Bundesnetzagentur \u2013 f\u00fcr viele Anbieter und Industrieunternehmen bundesweit t\u00e4tig.<\/p>\n<\/div><div class=\"fusion-clearfix\"><\/div><\/div><\/div><div class=\"fusion-layout-column fusion_builder_column fusion-builder-column-2 fusion_builder_column_1_6 1_6 fusion-one-sixth fusion-column-last fusion-no-small-visibility\" style=\"width:13.3333%;margin-top:10px;margin-bottom:10px;\"><div class=\"fusion-column-wrapper fusion-flex-column-wrapper-legacy\" style=\"background-position:left top;background-repeat:no-repeat;-webkit-background-size:cover;-moz-background-size:cover;-o-background-size:cover;background-size:cover;padding: 0px 0px 0px 0px;\"><div class=\"fusion-clearfix\"><\/div><\/div><\/div><\/div><\/div><div class=\"fusion-fullwidth fullwidth-box fusion-builder-row-2 hundred-percent-fullwidth non-hundred-percent-height-scrolling\" style=\"background-color: #f7f5f4;background-position: center center;background-repeat: no-repeat;padding-top:0px;padding-right:0px;padding-bottom:0px;padding-left:0px;margin-bottom: 0px;margin-top: 0px;border-width: 0px 0px 0px 0px;border-color:#e7e4e2;border-style:solid;\" ><div class=\"fusion-builder-row fusion-row\"><div class=\"fusion-layout-column fusion_builder_column fusion-builder-column-3 fusion_builder_column_1_1 1_1 fusion-one-full fusion-column-first fusion-column-last fusion-column-no-min-height\" style=\"margin-top:0px;margin-bottom:20px;\"><div class=\"fusion-column-wrapper fusion-flex-column-wrapper-legacy\" style=\"background-position:left top;background-repeat:no-repeat;-webkit-background-size:cover;-moz-background-size:cover;-o-background-size:cover;background-size:cover;padding: 0px 0px 0px 0px;\"><div class=\"fusion-section-separator section-separator bigtriangle fusion-section-separator-1\"><div class=\"fusion-section-separator-svg\" style=\"padding:0;margin-left: 0px;margin-right: 0px;\"><svg class=\"fusion-big-triangle-candy\" xmlns=\"http:\/\/www.w3.org\/2000\/svg\" version=\"1.1\" width=\"100%\" height=\"100\" viewBox=\"0 0 100 100\" preserveAspectRatio=\"none\" style=\"padding:0;\" fill=\"rgba(255,255,255,1)\"><path d=\"M-1 -1 L50 99 L101 -1 Z\"><\/path><\/svg><\/div><div class=\"fusion-section-separator-spacer\"><div class=\"fusion-section-separator-spacer-height\" style=\"height:99px;\"><\/div><\/div><\/div><div class=\"fusion-clearfix\"><\/div><\/div><\/div><\/div><\/div><div class=\"fusion-fullwidth fullwidth-box fusion-builder-row-3 nonhundred-percent-fullwidth non-hundred-percent-height-scrolling\" style=\"background-color: #f7f5f4;background-position: left top;background-repeat: no-repeat;padding-top:4%;padding-right:0px;padding-bottom:125px;padding-left:0px;margin-bottom: 0px;margin-top: 0px;border-width: 0px 0px 0px 0px;border-color:#e7e4e2;border-style:solid;\" ><div class=\"fusion-builder-row fusion-row\"><div class=\"fusion-layout-column fusion_builder_column fusion-builder-column-4 fusion_builder_column_1_2 1_2 fusion-one-half fusion-column-first\" style=\"width:48%; margin-right: 4%;margin-top:10px;margin-bottom:10px;\"><div class=\"fusion-column-wrapper fusion-flex-column-wrapper-legacy\" style=\"background-position:left top;background-repeat:no-repeat;-webkit-background-size:cover;-moz-background-size:cover;-o-background-size:cover;background-size:cover;padding: 0px 0px 0px 0px;\"><div class=\"fusion-text fusion-text-4\"><h3>Fernmeldenetze sind unsere Spezialit\u00e4t<\/h3>\n<\/div><div class=\"fusion-text fusion-text-5\"><p style=\"text-align: left;\">Ob Neubau und\/oder Planung neuer Leitungssysteme oder Reparatur bzw. Wartung bestehender Leitungen und Systeme &#8211; wir sind Ihr kompetenter Ansprechpartner.<\/p>\n<\/div><div class=\"fusion-sep-clear\"><\/div><div class=\"fusion-separator fusion-full-width-sep\" style=\"margin-left: auto;margin-right: auto;margin-top:5px;width:100%;\"><\/div><div class=\"fusion-sep-clear\"><\/div><ul class=\"fusion-checklist fusion-checklist-1\" style=\"font-size:19px;line-height:32.3px;\"><li style=\"background-color:rgba(255,255,255,0);\" class=\"fusion-li-item\"><span style=\"height:32.3px;width:32.3px;margin-right:13.3px;\" class=\"icon-wrapper circle-no\"><i class=\"fusion-li-icon fa fa-globe\" style=\"color:#0093dd;\" aria-hidden=\"true\"><\/i><\/span><div class=\"fusion-li-item-content\" style=\"margin-left:45.6px;color:#7e8890;\">\n<p><span style=\"color: #333c4e;\"><strong>Deutschlandweit<\/strong><\/span> &#8211; f\u00fcr Sie im Einsatz<\/p>\n<\/div><\/li><li style=\"background-color:rgba(255,255,255,0);\" class=\"fusion-li-item\"><span style=\"height:32.3px;width:32.3px;margin-right:13.3px;\" class=\"icon-wrapper circle-no\"><i class=\"fusion-li-icon fa fa-compress\" style=\"color:#0093dd;\" aria-hidden=\"true\"><\/i><\/span><div class=\"fusion-li-item-content\" style=\"margin-left:45.6px;color:#7e8890;\">\n<p><span style=\"color: #333c4e;\"><strong>Leitungsbau<\/strong><\/span>\u00a0&#8211; Planung &amp; Bau von Fernmeldesystemen<\/p>\n<\/div><\/li><li style=\"background-color:rgba(255,255,255,0);\" class=\"fusion-li-item\"><span style=\"height:32.3px;width:32.3px;margin-right:13.3px;\" class=\"icon-wrapper circle-no\"><i class=\"fusion-li-icon fa fa-cog\" style=\"color:#0093dd;\" aria-hidden=\"true\"><\/i><\/span><div class=\"fusion-li-item-content\" style=\"margin-left:45.6px;color:#7e8890;\">\n<p><span style=\"color: #333c4e;\"><strong>Wartung &amp; Reparatur<\/strong><\/span>\u00a0&#8211; neuer und bestehender Systeme<\/p>\n<\/div><\/li><\/ul><div class=\"fusion-clearfix\"><\/div><\/div><\/div><div class=\"fusion-layout-column fusion_builder_column fusion-builder-column-5 fusion_builder_column_1_2 1_2 fusion-one-half fusion-column-last\" style=\"width:48%;margin-top:10px;margin-bottom:10px;\"><div class=\"fusion-column-wrapper fusion-flex-column-wrapper-legacy\" style=\"background-position:left top;background-repeat:no-repeat;-webkit-background-size:cover;-moz-background-size:cover;-o-background-size:cover;background-size:cover;padding: 0px 0px 0px 0px;\"><div class=\"fusion-text fusion-text-6\"><h3>Unsere Fakten<\/h3>\n<\/div><style type=\"text\/css\">#accordion-7-1 .fusion-panel:hover, #accordion-7-1 .fusion-panel.hover{ background-color: #ffffff } #accordion-7-1 .fusion-panel { border-color:#e7e4e2; border-width:0px; background-color:#ffffff; }.fusion-accordian  #accordion-7-1 .panel-title a .fa-fusion-box{ color: #0093dd;}.fusion-accordian  #accordion-7-1 .panel-title a .fa-fusion-box:before{ font-size: 25px; width: 25px;}.fusion-accordian  #accordion-7-1 .panel-title a{font-size:15px;color:#0093dd;font-family:\"Open Sans\";font-weight:700;}.fusion-accordian  #accordion-7-1 .toggle-content{font-size:15px;color:#7e8890;font-family:\"Open Sans\";font-weight:400;}.fusion-accordian  #accordion-7-1 .panel-title a:not(.active):hover, #accordion-7-1 .fusion-toggle-boxed-mode:hover .panel-title a { color: #0093dd;}.fusion-accordian  #accordion-7-1 .fusion-toggle-boxed-mode:hover .panel-title a .fa-fusion-box{ color: #0093dd;}.fusion-accordian  #accordion-7-1.fusion-toggle-icon-unboxed .fusion-panel .panel-title a:not(.active):hover .fa-fusion-box{ color: #0093dd !important;}<\/style><div class=\"accordian fusion-accordian\"><div class=\"panel-group fusion-toggle-icon-unboxed\" id=\"accordion-7-1\"><style type=\"text\/css\">.fusion-accordian  #accordion-7-1 .panel-8e6d6209018be25c6 .panel-title a{}.fusion-accordian  #accordion-7-1 .panel-8e6d6209018be25c6 .toggle-content{}<\/style><div class=\"fusion-panel panel-default panel-8e6d6209018be25c6 fusion-toggle-no-divider fusion-toggle-boxed-mode\"><div class=\"panel-heading\"><h4 class=\"panel-title toggle\"><a aria-expanded=\"false\" aria-controls=\"8e6d6209018be25c6\" role=\"button\" data-toggle=\"collapse\" data-parent=\"#accordion-7-1\" data-target=\"#8e6d6209018be25c6\" href=\"#8e6d6209018be25c6\"><span class=\"fusion-toggle-icon-wrapper\" aria-hidden=\"true\"><i class=\"fa-fusion-box active-icon awb-icon-minus\" aria-hidden=\"true\"><\/i><i class=\"fa-fusion-box inactive-icon awb-icon-plus\" aria-hidden=\"true\"><\/i><\/span><span class=\"fusion-toggle-heading\">Unsere Ziele<\/span><\/a><\/h4><\/div><div id=\"8e6d6209018be25c6\" class=\"panel-collapse collapse \"><div class=\"panel-body toggle-content fusion-clearfix\">\n<p>Wir unterst\u00fctzen mit unserer Arbeit aktiv den Breitbandausbau &#8211; damit jeder vernetzt ist!<\/p>\n<\/div><\/div><\/div><style type=\"text\/css\">.fusion-accordian  #accordion-7-1 .panel-9a8b8f1d3af750bac .panel-title a{}.fusion-accordian  #accordion-7-1 .panel-9a8b8f1d3af750bac .toggle-content{}<\/style><div class=\"fusion-panel panel-default panel-9a8b8f1d3af750bac fusion-toggle-no-divider fusion-toggle-boxed-mode\"><div class=\"panel-heading\"><h4 class=\"panel-title toggle\"><a aria-expanded=\"false\" aria-controls=\"9a8b8f1d3af750bac\" role=\"button\" data-toggle=\"collapse\" data-parent=\"#accordion-7-1\" data-target=\"#9a8b8f1d3af750bac\" href=\"#9a8b8f1d3af750bac\"><span class=\"fusion-toggle-icon-wrapper\" aria-hidden=\"true\"><i class=\"fa-fusion-box active-icon awb-icon-minus\" aria-hidden=\"true\"><\/i><i class=\"fa-fusion-box inactive-icon awb-icon-plus\" aria-hidden=\"true\"><\/i><\/span><span class=\"fusion-toggle-heading\">Unser Versprechen<\/span><\/a><\/h4><\/div><div id=\"9a8b8f1d3af750bac\" class=\"panel-collapse collapse \"><div class=\"panel-body toggle-content fusion-clearfix\">\n<p>Wir versprechen beste Qualit\u00e4t, wirtschaftliches Handeln und Einhaltung von Terminvorgaben &#8211; damit Sie planen k\u00f6nnen!<\/p>\n<\/div><\/div><\/div><style type=\"text\/css\">.fusion-accordian  #accordion-7-1 .panel-9d5d45b729dd7c6a0 .panel-title a{}.fusion-accordian  #accordion-7-1 .panel-9d5d45b729dd7c6a0 .toggle-content{}<\/style><div class=\"fusion-panel panel-default panel-9d5d45b729dd7c6a0 fusion-toggle-no-divider fusion-toggle-boxed-mode\"><div class=\"panel-heading\"><h4 class=\"panel-title toggle\"><a aria-expanded=\"false\" aria-controls=\"9d5d45b729dd7c6a0\" role=\"button\" data-toggle=\"collapse\" data-parent=\"#accordion-7-1\" data-target=\"#9d5d45b729dd7c6a0\" href=\"#9d5d45b729dd7c6a0\"><span class=\"fusion-toggle-icon-wrapper\" aria-hidden=\"true\"><i class=\"fa-fusion-box active-icon awb-icon-minus\" aria-hidden=\"true\"><\/i><i class=\"fa-fusion-box inactive-icon awb-icon-plus\" aria-hidden=\"true\"><\/i><\/span><span class=\"fusion-toggle-heading\">Unser Team<\/span><\/a><\/h4><\/div><div id=\"9d5d45b729dd7c6a0\" class=\"panel-collapse collapse \"><div class=\"panel-body toggle-content fusion-clearfix\">\n<p>Unser Team arbeitet seit vielen Jahren zusammen &#8211; fachlich kompetent, vertrauensvoll und mit vollem Elan!<\/p>\n<\/div><\/div><\/div><\/div><\/div><div class=\"fusion-clearfix\"><\/div><\/div><\/div><div class=\"fusion-layout-column fusion_builder_column fusion-builder-column-6 fusion_builder_column_1_1 1_1 fusion-one-full fusion-column-first fusion-column-last\" style=\"margin-top:10px;margin-bottom:10px;\"><div class=\"fusion-column-wrapper fusion-flex-column-wrapper-legacy\" style=\"background-position:left top;background-repeat:no-repeat;-webkit-background-size:cover;-moz-background-size:cover;-o-background-size:cover;background-size:cover;padding: 0px 0px 0px 0px;\"><div class=\"fusion-clearfix\"><\/div><\/div><\/div><\/div><\/div><\/p>\n","protected":false},"excerpt":{"rendered":"","protected":false},"author":1,"featured_media":0,"parent":0,"menu_order":0,"comment_status":"closed","ping_status":"closed","template":"100-width.php","meta":{"footnotes":""},"_links":{"self":[{"href":"https:\/\/tk-patzak.de\/index.php?rest_route=\/wp\/v2\/pages\/7"}],"collection":[{"href":"https:\/\/tk-patzak.de\/index.php?rest_route=\/wp\/v2\/pages"}],"about":[{"href":"https:\/\/tk-patzak.de\/index.php?rest_route=\/wp\/v2\/types\/page"}],"author":[{"embeddable":true,"href":"https:\/\/tk-patzak.de\/index.php?rest_route=\/wp\/v2\/users\/1"}],"replies":[{"embeddable":true,"href":"https:\/\/tk-patzak.de\/index.php?rest_route=%2Fwp%2Fv2%2Fcomments&post=7"}],"version-history":[{"count":36,"href":"https:\/\/tk-patzak.de\/index.php?rest_route=\/wp\/v2\/pages\/7\/revisions"}],"predecessor-version":[{"id":2229,"href":"https:\/\/tk-patzak.de\/index.php?rest_route=\/wp\/v2\/pages\/7\/revisions\/2229"}],"wp:attachment":[{"href":"https:\/\/tk-patzak.de\/index.php?rest_route=%2Fwp%2Fv2%2Fmedia&parent=7"}],"curies":[{"name":"wp","href":"https:\/\/api.w.org\/{rel}","templated":true}]}}